{"id":19,"date":"2015-11-11T21:39:59","date_gmt":"2015-11-11T20:39:59","guid":{"rendered":"http:\/\/www.anezkajede.cz\/?page_id=19"},"modified":"2023-03-11T12:01:17","modified_gmt":"2023-03-11T11:01:17","slug":"sber-plastovych-vicek","status":"publish","type":"page","link":"https:\/\/www.anezkajede.cz\/","title":{"rendered":""},"content":{"rendered":"<div class=\"ndport_center_content3\"><div class=\"leftbox_right\">\n<div class=\"ndport_news_box\">\n<div class=\"ndport_date\">18.07.25<\/div>\n<p class=\"ndport_news_title\">Platba za neurorehabilitace na klinice ASTRA<\/p>\n<p class=\"ndport_news_content\">Dnes jsme uhradili 16.500 K\u010d za 11 hodin rehabilitac\u00ed na klinice ASTRA.\r\n\r\nD\u011bkujeme za podporu.<\/p>\n<\/div><!-- ndport_resPortada o ndport_news_box--><\/div><!-- ndport_news_box o leftbox_right--><div class=\"leftbox_right\">\n<div class=\"ndport_news_box\">\n<div class=\"ndport_date\">18.07.25<\/div>\n<p class=\"ndport_news_title\">Schv\u00e1len\u00ed voz\u00edku a doplatek<\/p>\n<p class=\"ndport_news_content\">Voz\u00edk byl ji\u017e schv\u00e1len revizn\u00edm l\u00e9ka\u0159em a m\u00e1me skv\u011blou zpr\u00e1vu Nadace Charty 77 - Konto bari\u00e9ry schv\u00e1lilo p\u0159\u00edsp\u011bvek 30.000 K\u010d (\u010d\u00e1st doplatku). D\u011bkujeme<\/p>\n<\/div><!-- ndport_resPortada o ndport_news_box--><\/div><!-- ndport_news_box o leftbox_right--><div class=\"leftbox_right\">\n<div class=\"ndport_news_box\">\n<div class=\"ndport_date\">30.06.25<\/div>\n<p class=\"ndport_news_title\">Nov\u00fd voz\u00edk pro Ane\u017eku zam\u011b\u0159en<\/p>\n<p class=\"ndport_news_content\">V tuto chv\u00edli je n\u00e1vrh s rozpo\u010dtem p\u0159ed\u00e1n od pan\u00ed l\u00e9ka\u0159ky VZP, kde prob\u011bhne schvalov\u00e1n\u00ed. Ane\u017eka roste jak z vody a s nov\u00fdm korzetem ji\u017e nevyhovuje.<\/p>\n<\/div><!-- ndport_resPortada o ndport_news_box--><\/div><!-- ndport_news_box o leftbox_right--><div class=\"leftbox_right\">\n<div class=\"ndport_news_box\">\n<div class=\"ndport_date\">27.06.25<\/div>\n<p class=\"ndport_news_title\">Sb\u00edrka na tablet byla \u00fasp\u011b\u0161n\u00e1<\/p>\n<p class=\"ndport_news_content\">D\u011bkujeme spole\u010dnosti Patron d\u011bt\u00ed, z.\u00fa. za spu\u0161t\u011bn\u00ed sb\u00edrky a za zaslan\u00fd tablet s p\u0159\u00edslu\u0161enstv\u00edm. Budeme zlep\u0161ovat \u0159e\u010d Ane\u017eky. D\u011bkujeme nem\u00e9n\u011b d\u00e1rc\u016fm.<\/p>\n<\/div><!-- ndport_resPortada o ndport_news_box--><\/div><!-- ndport_news_box o leftbox_right--><div class=\"leftbox_right\">\n<div class=\"ndport_news_box\">\n<div class=\"ndport_date\">24.06.25<\/div>\n<p class=\"ndport_news_title\">V\u00fdsuvn\u00fd sed\u00e1k z automobilu<\/p>\n<p class=\"ndport_news_content\">Byla provedena vestavba v\u00fdsuvn\u00e9ho sedadla do automobilu. Doplatek 10% ve v\u00fd\u0161i 23.968 K\u010d zaplacen z transparentn\u00edho \u00fa\u010dtu. D\u011bkujeme za podporu.<\/p>\n<\/div><!-- ndport_resPortada o ndport_news_box--><\/div><!-- ndport_news_box o leftbox_right--><div class=\"leftbox_right\">\n<div class=\"ndport_news_box\">\n<div class=\"ndport_date\">22.05.25<\/div>\n<p class=\"ndport_news_title\">Novinky<\/p>\n<p class=\"ndport_news_content\">Sh\u00e1n\u00edme pen\u00edze na cvi\u010den\u00ed, doplatky na speci\u00e1ln\u00ed vysouvac\u00ed sed\u00e1k z automobilu a na nov\u00fd v\u011bt\u0161\u00ed voz\u00edk. D\u00e1le rehabilita\u010dn\u00ed a logopedick\u00e9 pom\u016fcky.<\/p>\n<\/div><!-- ndport_resPortada o ndport_news_box--><\/div><!-- ndport_news_box o leftbox_right--><\/div><div style=\"text-align: right;\">\t<a href=\"https:\/\/www.anezkajede.cz\/?page_id=280\">Star\u0161\u00ed p\u0159\u00edsp\u011bvky\t<\/a><\/div>\n<h3><strong>Dopis od Ane\u017eky<\/strong><\/h3>\n<p>Ahoj,<\/p>\n<p>jmenuji se Ane\u017eka a narodila jsem se o pr\u00e1zdnin\u00e1ch v&nbsp;roce 2011, p\u00e1r minut\u00a0po sv\u00e9 sest\u0159i\u010dce Julince. M\u016fj start do \u017eivota byl velmi komplikovan\u00fd. Na\u0161e biologick\u00e1 maminka se o n\u00e1s nemohla starat a tak jsme se dostali do kojeneck\u00e9ho \u00fastavu. Julinka ihned po narozen\u00ed, j\u00e1 a\u017e mnohem pozd\u011bji. Po porodu u m\u011b do\u0161lo k\u00a0srde\u010dn\u00edmu a respira\u010dn\u00edmu selh\u00e1n\u00ed v&nbsp;d\u016fsledku streptokokov\u00e9 sepse a tak jsem byla v\u00edce ne\u017e m\u011bs\u00edc v&nbsp;nemocnici, kam za mnou nikdo nep\u0159i\u0161el. Po um\u00edst\u011bn\u00ed v&nbsp;kojeneck\u00e9m \u00fastavu jsem se se sest\u0159i\u010dkou moc nev\u00eddala a nav\u00edc jsem zde chytla t\u011b\u017ek\u00fd oboustrann\u00fd z\u00e1pal plic, kter\u00fd m\u011b op\u011bt odeslal do nemocnice.\u00a0Na\u0161t\u011bst\u00ed v&nbsp;5.&nbsp;m\u011bs\u00edci od narozen\u00ed jsme se dostali k&nbsp;rodi\u010d\u016fm, kte\u0159\u00ed n\u00e1s ob\u011b velmi miluj\u00ed a sna\u017e\u00ed se, abychom byli se sest\u0159i\u010dkou co nejv\u00edce pohromad\u011b.<\/p>\n<p>V\u00fdsledkem t\u011bchto onemocn\u011bn\u00ed\u00a0je, \u017ee st\u00e1le nechod\u00edm, nemluv\u00edm a mohla bych toho vyjmenovat mnohem v\u00edce, co neum\u00edm. L\u00e9ka\u0159i tomu \u0159\u00edkaj\u00ed t\u011b\u017ek\u00e1 psychomotorick\u00e1 retardace.\u00a0P\u0159es to v\u0161echno je spoustu v\u011bc\u00ed co um\u00edm, t\u0159eba po\u0159\u00e1dn\u011b zlobit rodi\u010de, \u010di se pr\u00e1t se sest\u0159i\u010dkou o hra\u010dky. Jsem sv\u00fdm zalo\u017een\u00edm velmi optimistick\u00e1, t\u00e9m\u011b\u0159 v\u017edy pozitivn\u011b nalad\u011bn\u00e1 a usm\u011bvav\u00e1. M\u00e1m velkou touhu pozn\u00e1vat a okusovat okoln\u00ed sv\u011bt. Rodi\u010de se sna\u017e\u00ed se mnou pravideln\u011b cvi\u010dit, i kdy\u017e se u toho hodn\u011b vztek\u00e1m, a chod\u00ed se mnou na r\u016fzn\u00e9 terapie. V&nbsp;rozvoji mi velmi pom\u00e1haj\u00ed pravideln\u00e9 pobyty v&nbsp;l\u00e1zn\u00edch a tak\u00e9 kamar\u00e1di ze speci\u00e1ln\u00ed \u0161kolky.<\/p>\n<p>Tyto str\u00e1nky zalo\u017eili moji rodi\u010de proto, aby mohli sd\u00edlet nevy\u010derpateln\u00fd zdroj\u00a0l\u00e1sky a nad\u011bje, kter\u00fd pramen\u00ed z&nbsp;na\u0161eho spole\u010dn\u00e9ho \u017eivota, a to i p\u0159esto, \u017ee n\u011bkdy je tento pramen zakryt spoustou starost\u00ed o\u00a0handicapovan\u00e9 d\u00edt\u011b. Pramen si ale v\u017edy najde cestu k&nbsp;povrchu a vytryskne.<\/p>\n<p>P\u0159\u00e1n\u00ed m\u00fdch rodi\u010d\u016f je, aby zde na\u0161li u\u017eite\u010dn\u00e9 informace nejen lid\u00e9 pe\u010duj\u00edc\u00ed o handicapovan\u00e9 d\u011bti, ale i lid\u00e9, kte\u0159\u00ed se s&nbsp;n\u00e1mi setk\u00e1vaj\u00ed a n\u011bkdy si nejsou jist\u00ed, jak s&nbsp;n\u00e1mi jednat.<\/p>\n<p>M\u00e1m V\u00e1s moc r\u00e1da<\/p>\n<p>Ane\u017eka<\/p>\n","protected":false},"excerpt":{"rendered":"<p>Dopis od Ane\u017eky Ahoj, jmenuji se Ane\u017eka a narodila jsem se o pr\u00e1zdnin\u00e1ch v&nbsp;roce 2011, p\u00e1r minut\u00a0po sv\u00e9 sest\u0159i\u010dce Julince. M\u016fj start do \u017eivota byl velmi komplikovan\u00fd. Na\u0161e biologick\u00e1 maminka se o n\u00e1s nemohla&#46;&#46;&#46;<\/p>\n","protected":false},"author":2,"featured_media":0,"parent":0,"menu_order":0,"comment_status":"closed","ping_status":"closed","template":"","meta":{"footnotes":""},"class_list":["post-19","page","type-page","status-publish","hentry"],"_links":{"self":[{"href":"https:\/\/www.anezkajede.cz\/index.php?rest_route=\/wp\/v2\/pages\/19","targetHints":{"allow":["GET"]}}],"collection":[{"href":"https:\/\/www.anezkajede.cz\/index.php?rest_route=\/wp\/v2\/pages"}],"about":[{"href":"https:\/\/www.anezkajede.cz\/index.php?rest_route=\/wp\/v2\/types\/page"}],"author":[{"embeddable":true,"href":"https:\/\/www.anezkajede.cz\/index.php?rest_route=\/wp\/v2\/users\/2"}],"replies":[{"embeddable":true,"href":"https:\/\/www.anezkajede.cz\/index.php?rest_route=%2Fwp%2Fv2%2Fcomments&post=19"}],"version-history":[{"count":8,"href":"https:\/\/www.anezkajede.cz\/index.php?rest_route=\/wp\/v2\/pages\/19\/revisions"}],"predecessor-version":[{"id":540,"href":"https:\/\/www.anezkajede.cz\/index.php?rest_route=\/wp\/v2\/pages\/19\/revisions\/540"}],"wp:attachment":[{"href":"https:\/\/www.anezkajede.cz\/index.php?rest_route=%2Fwp%2Fv2%2Fmedia&parent=19"}],"curies":[{"name":"wp","href":"https:\/\/api.w.org\/{rel}","templated":true}]}}