{"id":195,"date":"2015-12-12T22:44:49","date_gmt":"2015-12-12T21:44:49","guid":{"rendered":"http:\/\/www.anezkajede.cz\/?page_id=195"},"modified":"2015-12-13T11:42:30","modified_gmt":"2015-12-13T10:42:30","slug":"rodina","status":"publish","type":"page","link":"https:\/\/www.anezkajede.cz\/?page_id=195","title":{"rendered":"Rodina"},"content":{"rendered":"<p>Na\u0161e rodina poch\u00e1z\u00ed z&nbsp;Vyso\u010diny, ale po absolvov\u00e1n\u00ed vysok\u00e9 \u0161koly jsme se p\u0159est\u011bhovali do <a href=\"http:\/\/www.benesov-city.cz\/\" target=\"_blank\">Bene\u0161ova u Prahy<\/a>.<\/p>\n<p><span style=\"text-decoration: underline;\">Tat\u00ednek<\/span><\/p>\n<p>Tom\u00e1\u0161 P\u00e1nek &#8211; poch\u00e1z\u00ed z&nbsp;mal\u00e9 vesnice <a href=\"http:\/\/www.stribrnehory.cz\/\" target=\"_blank\">St\u0159\u00edbrn\u00e9 Hory<\/a>, kter\u00e1 se nach\u00e1z\u00ed mezi Havl\u00ed\u010dkov\u00fdm Brodem a P\u0159ibyslav\u00ed. Tat\u00ednek vystudoval d\u00e1lkov\u011b in\u017een\u00fdrsk\u00fd obor Technologie \u0159\u00edzen\u00ed dopravy na Univerzit\u011b Pardubice, na jeho promoci jsme ji\u017e byli p\u0159\u00edtomni. V&nbsp;sou\u010dasn\u00e9 dob\u011b pracuje jako dispe\u010der u \u010cesk\u00fdch drah. Tat\u00ednek m\u00e1 je\u0161t\u011b dva bratry &#8211; str\u00fdce Zde\u0148ka, kter\u00fd bydl\u00ed v&nbsp;Josefodole u Sv\u011btl\u00e9 nad S\u00e1zavou s&nbsp;tetou Lenkou, sest\u0159enic\u00ed Terezkou a bratr\u00e1nky \u00a0Markem a Kub\u00edkem. Str\u00fdc Jirka bydl\u00ed s&nbsp;tetou Lenkou a mal\u00fdmi dvoj\u010daty \u0160imonem a Sofinkou v&nbsp;Praze. V&nbsp;Praze pak m\u00e1me je\u0161t\u011b tetu Katku a velkou sest\u0159enici Krist\u00fdnu.Babi\u010dka Maru\u0161ka a d\u011bde\u010dek Zden\u011bk bydl\u00ed v&nbsp;rodinn\u00e9m domku ve St\u0159\u00edbrn\u00fdch Hor\u00e1ch a oba jsou ji\u017e v&nbsp;d\u016fchodu. Babi\u010dka pracovala ve \u0161lechtitelsk\u00e9 stanici SATIVA Ke\u0159kov, d\u011bde\u010dek pracoval u \u010cesk\u00fdch drah jako vlakvedouc\u00ed. V&nbsp;Havl\u00ed\u010dkov\u011b Brod\u011b m\u00e1me je\u0161t\u011b prababi\u010dku Marii, maminku d\u011bde\u010dka.<\/p>\n<p><span style=\"text-decoration: underline;\">Maminka<\/span><\/p>\n<p>Hana P\u00e1nkov\u00e1 &#8211; poch\u00e1z\u00ed z&nbsp;je\u0161t\u011b men\u0161\u00ed vesnice <a href=\"http:\/\/www.obec-dobra-voda.cz\/\" target=\"_blank\">Dobr\u00e1 Voda u Pelh\u0159imova<\/a>, kter\u00e1 se nach\u00e1z\u00ed na polovi\u010dn\u00ed cest\u011b mezi Pelh\u0159imovem a Horn\u00ed Cerekv\u00ed. Maminka vystudovala na kated\u0159e Botaniky P\u0159\u00edrodov\u011bdeck\u00e9 fakulty UK v&nbsp;Praze obor geobotaniku. Ji\u017e p\u0159i studiu za\u010dala pracovat v&nbsp;Botanick\u00e9m \u00fastavu AV\u010cR a na obou instituc\u00edch absolvovala doktorsk\u00e9 studium. D\u00e1le je\u0161t\u011b vystudovala d\u00e1lkov\u011b bakal\u00e1\u0159sk\u00fd obor Teologick\u00e9 nauky na Katolick\u00e9 teologick\u00e9 fakult\u011b, kter\u00fd dokon\u010dila ji\u017e s&nbsp;n\u00e1mi. Kv\u016fli n\u00e1ro\u010dn\u00e9 p\u00e9\u010di o Ane\u017eku pracuje pouze na \u010d\u00e1ste\u010dn\u00fd \u00favazek na Botanick\u00e9m \u00fastavu AV \u010cR a od 1.1.2016 i na Kated\u0159e Botaniky. Maminka bohu\u017eel nem\u00e1 \u017e\u00e1dn\u00e9 sourozence. Babi\u010dka Hana Plach\u00e1 a d\u011bde\u010dek Josef Plach\u00fd bydl\u00ed v&nbsp;\u0159adov\u00e9m domku v&nbsp;Dobr\u00e9 Vod\u011b u Pelh\u0159imova a ji\u017e jsou v&nbsp;d\u016fchodu. Babi\u010dka prod\u00e1vala v&nbsp;m\u00edstn\u00edm obchod\u011b Jednoty, d\u011bde\u010dek pracoval nejd\u0159\u00edve v&nbsp;m\u00edstn\u00edm JZD, pot\u00e9 d\u011blal signalistu u \u010cesk\u00fdch drah.<\/p>\n","protected":false},"excerpt":{"rendered":"<p>Na\u0161e rodina poch\u00e1z\u00ed z&nbsp;Vyso\u010diny, ale po absolvov\u00e1n\u00ed vysok\u00e9 \u0161koly jsme se p\u0159est\u011bhovali do Bene\u0161ova u Prahy. Tat\u00ednek Tom\u00e1\u0161 P\u00e1nek &#8211; poch\u00e1z\u00ed z&nbsp;mal\u00e9 vesnice St\u0159\u00edbrn\u00e9 Hory, kter\u00e1 se nach\u00e1z\u00ed mezi Havl\u00ed\u010dkov\u00fdm Brodem a P\u0159ibyslav\u00ed. Tat\u00ednek&#46;&#46;&#46;<\/p>\n","protected":false},"author":3,"featured_media":0,"parent":0,"menu_order":0,"comment_status":"closed","ping_status":"closed","template":"","meta":{"footnotes":""},"class_list":["post-195","page","type-page","status-publish","hentry"],"_links":{"self":[{"href":"https:\/\/www.anezkajede.cz\/index.php?rest_route=\/wp\/v2\/pages\/195","targetHints":{"allow":["GET"]}}],"collection":[{"href":"https:\/\/www.anezkajede.cz\/index.php?rest_route=\/wp\/v2\/pages"}],"about":[{"href":"https:\/\/www.anezkajede.cz\/index.php?rest_route=\/wp\/v2\/types\/page"}],"author":[{"embeddable":true,"href":"https:\/\/www.anezkajede.cz\/index.php?rest_route=\/wp\/v2\/users\/3"}],"replies":[{"embeddable":true,"href":"https:\/\/www.anezkajede.cz\/index.php?rest_route=%2Fwp%2Fv2%2Fcomments&post=195"}],"version-history":[{"count":3,"href":"https:\/\/www.anezkajede.cz\/index.php?rest_route=\/wp\/v2\/pages\/195\/revisions"}],"predecessor-version":[{"id":199,"href":"https:\/\/www.anezkajede.cz\/index.php?rest_route=\/wp\/v2\/pages\/195\/revisions\/199"}],"wp:attachment":[{"href":"https:\/\/www.anezkajede.cz\/index.php?rest_route=%2Fwp%2Fv2%2Fmedia&parent=195"}],"curies":[{"name":"wp","href":"https:\/\/api.w.org\/{rel}","templated":true}]}}